{"id":6827,"date":"2025-09-08T09:11:07","date_gmt":"2025-09-08T07:11:07","guid":{"rendered":"https:\/\/foresthouse.hr\/blog\/"},"modified":"2025-09-08T10:15:52","modified_gmt":"2025-09-08T08:15:52","slug":"blog","status":"publish","type":"page","link":"https:\/\/foresthouse.hr\/de\/blog\/","title":{"rendered":"Blog"},"content":{"rendered":"\t\t<div data-elementor-type=\"wp-page\" data-elementor-id=\"6827\" class=\"elementor elementor-6827 elementor-6818\">\n\t\t\t\t\t\t<section class=\"elementor-section elementor-top-section elementor-element elementor-element-36a44c5 elementor-section-boxed elementor-section-height-default elementor-section-height-default\" data-id=\"36a44c5\" data-element_type=\"section\" data-e-type=\"section\" data-settings=\"{&quot;hoteller_ext_is_background_parallax&quot;:&quot;false&quot;,&quot;hoteller_ext_is_background_backdrop&quot;:&quot;false&quot;,&quot;hoteller_ext_is_background_on_scroll&quot;:&quot;false&quot;}\">\n\t\t\t\t\t\t<div class=\"elementor-container elementor-column-gap-default\">\n\t\t\t\t\t<div class=\"elementor-column elementor-col-100 elementor-top-column elementor-element elementor-element-2cc3a6b\" data-id=\"2cc3a6b\" data-element_type=\"column\" data-e-type=\"column\" data-settings=\"{&quot;hoteller_ext_link_sidemenu&quot;:&quot;false&quot;,&quot;hoteller_ext_link_fullmenu&quot;:&quot;false&quot;,&quot;hoteller_ext_link_closed_fullmenu&quot;:&quot;false&quot;,&quot;hoteller_ext_is_scrollme&quot;:&quot;false&quot;,&quot;hoteller_ext_is_smoove&quot;:&quot;false&quot;,&quot;hoteller_ext_is_parallax_mouse&quot;:&quot;false&quot;,&quot;hoteller_ext_is_infinite&quot;:&quot;false&quot;,&quot;hoteller_ext_is_fadeout_animation&quot;:&quot;false&quot;,&quot;hoteller_ext_mobile_static&quot;:&quot;false&quot;}\">\n\t\t\t<div class=\"elementor-widget-wrap elementor-element-populated\">\n\t\t\t\t\t\t<div class=\"elementor-element elementor-element-8353cd7 elementor-widget elementor-widget-hoteller-blog-posts\" data-id=\"8353cd7\" data-element_type=\"widget\" data-e-type=\"widget\" data-settings=\"{&quot;hoteller_ext_link_sidemenu&quot;:&quot;false&quot;,&quot;hoteller_ext_link_fullmenu&quot;:&quot;false&quot;,&quot;hoteller_ext_link_closed_fullmenu&quot;:&quot;false&quot;,&quot;hoteller_ext_is_scrollme&quot;:&quot;false&quot;,&quot;hoteller_ext_is_smoove&quot;:&quot;false&quot;,&quot;hoteller_ext_is_parallax_mouse&quot;:&quot;false&quot;,&quot;hoteller_ext_is_infinite&quot;:&quot;false&quot;,&quot;hoteller_ext_is_fadeout_animation&quot;:&quot;false&quot;,&quot;hoteller_ext_mobile_static&quot;:&quot;false&quot;}\" data-widget_type=\"hoteller-blog-posts.default\">\n\t\t\t\t<div class=\"elementor-widget-container\">\n\t\t\t\t\t<div class=\"blog_post_content_wrapper layout_list\">\n<!-- Begin each blog post -->\n<div class=\"blog-posts-list post-7316 post type-post status-publish format-standard has-post-thumbnail hentry category-valera-vita-forest-house-de-2 tag-ferienhaus-im-wald tag-gorski-kotar-de-2 tag-luxus-ferienhaus-de tag-luxushaus-zu-vermieten-de tag-valera-vita-forest-house-de-2 tag-wellness-ferienhaus-2\">\n\n\t<div class=\"post_wrapper\">\n\t\t\n\t\t\t\t    <div class=\"post_img static\">\n\t\t\t    \t\t\t    <div class=\"post_img_hover classic \">\n\t\t\t     \t\t\t\t\t     <img decoding=\"async\"  src=\"https:\/\/foresthouse.hr\/wp-content\/uploads\/2024\/01\/41-610x610.jpg\" class=\"\" alt=\"Luxus-Ferienhaus 41\"\/>\n\t\t\t\t     \t\t\t     \t\t\t\t     \t<a href=\"https:\/\/foresthouse.hr\/de\/so-koennte-ihr-perfekter-tag-im-luxurioesen-ferienhaus-valera-vita-forest-house-aussehen\/\"><\/a>\n\t\t\t    <\/div>\n\t\t    <\/div>\n\t\t\t    \n\t    <div class=\"post_content_wrapper text_\">\n\t\t    \n\t\t    <div class=\"post_header\">\n\t\t\t    \t\t\t    <div class=\"post_detail single_post\">\n\t\t\t    \t<span class=\"post_info_cat\">\n\t\t\t\t\t\t\t\t\t\t\t\t      \t<a href=\"https:\/\/foresthouse.hr\/de\/category\/valera-vita-forest-house-de-2\/\">Valera Vita Forest House<\/a>\n\t\t\t\t\t\t\t\t\t    \t<\/span>\n\t\t\t \t<\/div>\n\t\t\t \t\t\t\t\t<div class=\"post_header_title\">\n\t\t\t\t    <h5><a href=\"https:\/\/foresthouse.hr\/de\/so-koennte-ihr-perfekter-tag-im-luxurioesen-ferienhaus-valera-vita-forest-house-aussehen\/\" title=\"So k\u00f6nnte Ihr perfekter Tag im luxuri\u00f6sen Ferienhaus Valera Vita Forest House aussehen\">So k\u00f6nnte Ihr perfekter Tag im luxuri\u00f6sen Ferienhaus Valera Vita Forest House aussehen<\/a><\/h5>\n\t\t\t\t<\/div>\n\t\t\t<\/div>\n\t    \n\t\t\t<div class=\"post_header_wrapper\">\n\t\t\t\t<p>Stellen Sie sich einen Tag ohne Hektik, Verpflichtungen und st\u00e4ndige Ablenkungen vor. Im Valera Vita Forest House beginnen die Morgen entspannt, und der Tag wird von Natur, Wohlbefinden und Momenten ganz f\u00fcr Sie gestaltet. <\/p>\t\t\t    \t\t\t    <div class=\"post_button_wrapper\">\n\t\t\t    \t<div class=\"post_attribute\">\n\t\t\t\t\t    <a href=\"https:\/\/foresthouse.hr\/de\/so-koennte-ihr-perfekter-tag-im-luxurioesen-ferienhaus-valera-vita-forest-house-aussehen\/\" title=\"So k\u00f6nnte Ihr perfekter Tag im luxuri\u00f6sen Ferienhaus Valera Vita Forest House aussehen\">Februar 23, 2026<\/a>\n\t\t\t\t\t<\/div>\n\t\t\t    <\/div>\n\t\t\t    \t\t\t<\/div>\n\t    <\/div>\n\t    \n\t<\/div>\n\n<\/div>\n<br class=\"clear\"\/>\n<!-- End each blog post --><!-- Begin each blog post -->\n<div class=\"blog-posts-list post-7301 post type-post status-publish format-standard has-post-thumbnail hentry category-valera-vita-forest-house-de-2 tag-abgeschiedener-urlaub tag-das-luxuriose-ferienhaus-valera-vita-forest-house-de tag-ferienhaus-im-wald tag-fruhling tag-gorski-kotar-de-2 tag-luxus-ferienhaus-de tag-luxushaus-zu-vermieten-de tag-neustart-im-fruhling tag-valera-vita-forest-house-de-2 tag-wellness\">\n\n\t<div class=\"post_wrapper\">\n\t\t\n\t\t\t\t    <div class=\"post_img static\">\n\t\t\t    \t\t\t    <div class=\"post_img_hover classic \">\n\t\t\t     \t\t\t\t\t     <img decoding=\"async\"  src=\"https:\/\/foresthouse.hr\/wp-content\/uploads\/2026\/03\/proljece-u-gorskom-kotaru-610x610.jpg\" class=\"\" alt=\"\"\/>\n\t\t\t\t     \t\t\t     \t\t\t\t     \t<a href=\"https:\/\/foresthouse.hr\/de\/fruehlingsneustart-in-einem-luxurioesen-ferienhaus-in-gorski-kotar\/\"><\/a>\n\t\t\t    <\/div>\n\t\t    <\/div>\n\t\t\t    \n\t    <div class=\"post_content_wrapper text_\">\n\t\t    \n\t\t    <div class=\"post_header\">\n\t\t\t    \t\t\t    <div class=\"post_detail single_post\">\n\t\t\t    \t<span class=\"post_info_cat\">\n\t\t\t\t\t\t\t\t\t\t\t\t      \t<a href=\"https:\/\/foresthouse.hr\/de\/category\/valera-vita-forest-house-de-2\/\">Valera Vita Forest House<\/a>\n\t\t\t\t\t\t\t\t\t    \t<\/span>\n\t\t\t \t<\/div>\n\t\t\t \t\t\t\t\t<div class=\"post_header_title\">\n\t\t\t\t    <h5><a href=\"https:\/\/foresthouse.hr\/de\/fruehlingsneustart-in-einem-luxurioesen-ferienhaus-in-gorski-kotar\/\" title=\"Fr\u00fchlingsneustart in einem luxuri\u00f6sen Ferienhaus in Gorski Kotar\">Fr\u00fchlingsneustart in einem luxuri\u00f6sen Ferienhaus in Gorski Kotar<\/a><\/h5>\n\t\t\t\t<\/div>\n\t\t\t<\/div>\n\t    \n\t\t\t<div class=\"post_header_wrapper\">\n\t\t\t\t<p>Der Fr\u00fchling ist die ideale Zeit f\u00fcr einen Neuanfang. Ein Aufenthalt in unserem Waldhaus Valera Vita bietet Ihnen die M\u00f6glichkeit, neue Kraft zu tanken, die Natur zu genie\u00dfen und einen entschleunigten Rhythmus zu erleben, der Ihnen neue Energie und innere Balance schenkt. <\/p>\t\t\t    \t\t\t    <div class=\"post_button_wrapper\">\n\t\t\t    \t<div class=\"post_attribute\">\n\t\t\t\t\t    <a href=\"https:\/\/foresthouse.hr\/de\/fruehlingsneustart-in-einem-luxurioesen-ferienhaus-in-gorski-kotar\/\" title=\"Fr\u00fchlingsneustart in einem luxuri\u00f6sen Ferienhaus in Gorski Kotar\">Februar 16, 2026<\/a>\n\t\t\t\t\t<\/div>\n\t\t\t    <\/div>\n\t\t\t    \t\t\t<\/div>\n\t    <\/div>\n\t    \n\t<\/div>\n\n<\/div>\n<br class=\"clear\"\/>\n<!-- End each blog post --><!-- Begin each blog post -->\n<div class=\"blog-posts-list post-7246 post type-post status-publish format-standard has-post-thumbnail hentry category-unkategorisiert\">\n\n\t<div class=\"post_wrapper\">\n\t\t\n\t\t\t\t    <div class=\"post_img static\">\n\t\t\t    \t\t\t    <div class=\"post_img_hover classic \">\n\t\t\t     \t\t\t\t\t     <img decoding=\"async\"  src=\"https:\/\/foresthouse.hr\/wp-content\/uploads\/2024\/01\/35-610x610.jpg\" class=\"\" alt=\"Luxuri\u00f6ses Ferienhaus Valera Vita Forest House 35\"\/>\n\t\t\t\t     \t\t\t     \t\t\t\t     \t<a href=\"https:\/\/foresthouse.hr\/de\/vermeiden-sie-burnout-ein-erholsamer-urlaub-im-herzen-von-gorski-kotar\/\"><\/a>\n\t\t\t    <\/div>\n\t\t    <\/div>\n\t\t\t    \n\t    <div class=\"post_content_wrapper text_\">\n\t\t    \n\t\t    <div class=\"post_header\">\n\t\t\t    \t\t\t    <div class=\"post_detail single_post\">\n\t\t\t    \t<span class=\"post_info_cat\">\n\t\t\t\t\t\t\t\t\t\t\t\t      \t<a href=\"https:\/\/foresthouse.hr\/de\/category\/unkategorisiert\/\">Unkategorisiert<\/a>\n\t\t\t\t\t\t\t\t\t    \t<\/span>\n\t\t\t \t<\/div>\n\t\t\t \t\t\t\t\t<div class=\"post_header_title\">\n\t\t\t\t    <h5><a href=\"https:\/\/foresthouse.hr\/de\/vermeiden-sie-burnout-ein-erholsamer-urlaub-im-herzen-von-gorski-kotar\/\" title=\"Vermeiden Sie Burnout \u2013 ein erholsamer Urlaub im Herzen von Gorski Kotar\">Vermeiden Sie Burnout \u2013 ein erholsamer Urlaub im Herzen von Gorski Kotar<\/a><\/h5>\n\t\t\t\t<\/div>\n\t\t\t<\/div>\n\t    \n\t\t\t<div class=\"post_header_wrapper\">\n\t\t\t\t<p>Ein Burnout entsteht nicht \u00fcber Nacht \u2013 er baut sich schleichend auf und l\u00e4sst sich kaum verlangsamen. Ein erholsamer Urlaub schafft die Voraussetzungen f\u00fcr einen echten Neustart, und Gorski Kotar und unser Waldhaus Valera Vita bieten den idealen Ort f\u00fcr eine solche Auszeit. <\/p>\t\t\t    \t\t\t    <div class=\"post_button_wrapper\">\n\t\t\t    \t<div class=\"post_attribute\">\n\t\t\t\t\t    <a href=\"https:\/\/foresthouse.hr\/de\/vermeiden-sie-burnout-ein-erholsamer-urlaub-im-herzen-von-gorski-kotar\/\" title=\"Vermeiden Sie Burnout \u2013 ein erholsamer Urlaub im Herzen von Gorski Kotar\">Februar 9, 2026<\/a>\n\t\t\t\t\t<\/div>\n\t\t\t    <\/div>\n\t\t\t    \t\t\t<\/div>\n\t    <\/div>\n\t    \n\t<\/div>\n\n<\/div>\n<br class=\"clear\"\/>\n<!-- End each blog post --><!-- Begin each blog post -->\n<div class=\"blog-posts-list post-7239 post type-post status-publish format-standard has-post-thumbnail hentry category-unkategorisiert\">\n\n\t<div class=\"post_wrapper\">\n\t\t\n\t\t\t\t    <div class=\"post_img static\">\n\t\t\t    \t\t\t    <div class=\"post_img_hover classic \">\n\t\t\t     \t\t\t\t\t     <img decoding=\"async\"  src=\"https:\/\/foresthouse.hr\/wp-content\/uploads\/2026\/02\/sumska-kupka-610x610.jpg\" class=\"\" alt=\"Waldbad\"\/>\n\t\t\t\t     \t\t\t     \t\t\t\t     \t<a href=\"https:\/\/foresthouse.hr\/de\/was-ist-waldbaden-und-wo-kann-man-es-praktizieren\/\"><\/a>\n\t\t\t    <\/div>\n\t\t    <\/div>\n\t\t\t    \n\t    <div class=\"post_content_wrapper text_\">\n\t\t    \n\t\t    <div class=\"post_header\">\n\t\t\t    \t\t\t    <div class=\"post_detail single_post\">\n\t\t\t    \t<span class=\"post_info_cat\">\n\t\t\t\t\t\t\t\t\t\t\t\t      \t<a href=\"https:\/\/foresthouse.hr\/de\/category\/unkategorisiert\/\">Unkategorisiert<\/a>\n\t\t\t\t\t\t\t\t\t    \t<\/span>\n\t\t\t \t<\/div>\n\t\t\t \t\t\t\t\t<div class=\"post_header_title\">\n\t\t\t\t    <h5><a href=\"https:\/\/foresthouse.hr\/de\/was-ist-waldbaden-und-wo-kann-man-es-praktizieren\/\" title=\"Was ist Waldbaden und wo kann man es praktizieren?\">Was ist Waldbaden und wo kann man es praktizieren?<\/a><\/h5>\n\t\t\t\t<\/div>\n\t\t\t<\/div>\n\t    \n\t\t\t<div class=\"post_header_wrapper\">\n\t\t\t\t<p>Was ist Waldbaden und warum bringen immer mehr Menschen es mit Erholung und psychischer Gesundheit in Verbindung? Gorski Kotar bietet mit seinen unber\u00fchrten W\u00e4ldern und seiner Stille ideale Bedingungen f\u00fcr diese Praxis, insbesondere in einer privaten und friedlichen Umgebung. <\/p>\t\t\t    \t\t\t    <div class=\"post_button_wrapper\">\n\t\t\t    \t<div class=\"post_attribute\">\n\t\t\t\t\t    <a href=\"https:\/\/foresthouse.hr\/de\/was-ist-waldbaden-und-wo-kann-man-es-praktizieren\/\" title=\"Was ist Waldbaden und wo kann man es praktizieren?\">Februar 2, 2026<\/a>\n\t\t\t\t\t<\/div>\n\t\t\t    <\/div>\n\t\t\t    \t\t\t<\/div>\n\t    <\/div>\n\t    \n\t<\/div>\n\n<\/div>\n<br class=\"clear\"\/>\n<!-- End each blog post --><!-- Begin each blog post -->\n<div class=\"blog-posts-list post-7215 post type-post status-publish format-standard has-post-thumbnail hentry category-valera-vita-forest-house-de-2 tag-abgeschiedener-urlaub tag-das-luxuriose-ferienhaus-valera-vita-forest-house-de tag-ferienhaus-im-wald tag-ferienhaus-mit-sauna-2 tag-ferienhaus-mit-whirlpool-gorski-kotar tag-gorski-kotar-de-2 tag-luxus-ferienhaus-de tag-luxushaus-zu-vermieten-de tag-private-wellness tag-valera-vita-forest-house-de-2 tag-whirlpool\">\n\n\t<div class=\"post_wrapper\">\n\t\t\n\t\t\t\t    <div class=\"post_img static\">\n\t\t\t    \t\t\t    <div class=\"post_img_hover classic \">\n\t\t\t     \t\t\t\t\t     <img decoding=\"async\"  src=\"https:\/\/foresthouse.hr\/wp-content\/uploads\/2024\/01\/54-610x610.jpg\" class=\"\" alt=\"Valera Vita Waldhaus 54\"\/>\n\t\t\t\t     \t\t\t     \t\t\t\t     \t<a href=\"https:\/\/foresthouse.hr\/de\/wie-sieht-ein-perfekter-wochenendausflug-nach-gorski-kotar-aus\/\"><\/a>\n\t\t\t    <\/div>\n\t\t    <\/div>\n\t\t\t    \n\t    <div class=\"post_content_wrapper text_\">\n\t\t    \n\t\t    <div class=\"post_header\">\n\t\t\t    \t\t\t    <div class=\"post_detail single_post\">\n\t\t\t    \t<span class=\"post_info_cat\">\n\t\t\t\t\t\t\t\t\t\t\t\t      \t<a href=\"https:\/\/foresthouse.hr\/de\/category\/valera-vita-forest-house-de-2\/\">Valera Vita Forest House<\/a>\n\t\t\t\t\t\t\t\t\t    \t<\/span>\n\t\t\t \t<\/div>\n\t\t\t \t\t\t\t\t<div class=\"post_header_title\">\n\t\t\t\t    <h5><a href=\"https:\/\/foresthouse.hr\/de\/wie-sieht-ein-perfekter-wochenendausflug-nach-gorski-kotar-aus\/\" title=\"Wie sieht ein perfekter Wochenendausflug nach Gorski Kotar aus?\">Wie sieht ein perfekter Wochenendausflug nach Gorski Kotar aus?<\/a><\/h5>\n\t\t\t\t<\/div>\n\t\t\t<\/div>\n\t    \n\t\t\t<div class=\"post_header_wrapper\">\n\t\t\t\t<p>Ein Wochenendaufenthalt in Gorski Kotar bietet die M\u00f6glichkeit f\u00fcr eine kurze, aber intensive Auszeit. Inmitten der Natur, fernab vom Alltagstrubel, kann man zur Ruhe kommen, neue Energie tanken und \u2013 selbst nach nur wenigen Tagen \u2013 mit einem Gef\u00fchl der inneren Balance nach Hause...<\/p>\t\t\t    \t\t\t    <div class=\"post_button_wrapper\">\n\t\t\t    \t<div class=\"post_attribute\">\n\t\t\t\t\t    <a href=\"https:\/\/foresthouse.hr\/de\/wie-sieht-ein-perfekter-wochenendausflug-nach-gorski-kotar-aus\/\" title=\"Wie sieht ein perfekter Wochenendausflug nach Gorski Kotar aus?\">Januar 16, 2026<\/a>\n\t\t\t\t\t<\/div>\n\t\t\t    <\/div>\n\t\t\t    \t\t\t<\/div>\n\t    <\/div>\n\t    \n\t<\/div>\n\n<\/div>\n<br class=\"clear\"\/>\n<!-- End each blog post --><!-- Begin each blog post -->\n<div class=\"blog-posts-list post-7181 post type-post status-publish format-standard has-post-thumbnail hentry category-valera-vita-forest-house-de tag-das-luxuriose-ferienhaus-valera-vita-forest-house tag-ferienhaus-im-wald-2 tag-ferienhaus-mit-sauna tag-gorski-kotar-de tag-infrarotsauna tag-luxurioses-ruckzugshaus tag-luxus-ferienhaus tag-luxushaus-zu-vermieten tag-sauna tag-urlaub-in-der-natur tag-valera-vita-forest-house-de tag-waldwellness tag-wellness-ferienhaus\">\n\n\t<div class=\"post_wrapper\">\n\t\t\n\t\t\t\t    <div class=\"post_img static\">\n\t\t\t    \t\t\t    <div class=\"post_img_hover classic \">\n\t\t\t     \t\t\t\t\t     <img decoding=\"async\"  src=\"https:\/\/foresthouse.hr\/wp-content\/uploads\/2025\/12\/Kuca-za-odmor-sa-saunom-Valera-Vita-Forest-House-610x610.jpg\" class=\"\" alt=\"Ferienhaus mit Sauna - Valera Vita Waldhaus\"\/>\n\t\t\t\t     \t\t\t     \t\t\t\t     \t<a href=\"https:\/\/foresthouse.hr\/de\/ferienhaus-mit-sauna-wie-sich-die-sauna-auf-unsere-gesundheit-auswirkt\/\"><\/a>\n\t\t\t    <\/div>\n\t\t    <\/div>\n\t\t\t    \n\t    <div class=\"post_content_wrapper text_\">\n\t\t    \n\t\t    <div class=\"post_header\">\n\t\t\t    \t\t\t    <div class=\"post_detail single_post\">\n\t\t\t    \t<span class=\"post_info_cat\">\n\t\t\t\t\t\t\t\t\t\t\t\t      \t<a href=\"https:\/\/foresthouse.hr\/de\/category\/valera-vita-forest-house-de\/\">Valera Vita Forest House<\/a>\n\t\t\t\t\t\t\t\t\t    \t<\/span>\n\t\t\t \t<\/div>\n\t\t\t \t\t\t\t\t<div class=\"post_header_title\">\n\t\t\t\t    <h5><a href=\"https:\/\/foresthouse.hr\/de\/ferienhaus-mit-sauna-wie-sich-die-sauna-auf-unsere-gesundheit-auswirkt\/\" title=\"Ferienhaus mit Sauna: Wie sich die Sauna auf unsere Gesundheit auswirkt\">Ferienhaus mit Sauna: Wie sich die Sauna auf unsere Gesundheit auswirkt<\/a><\/h5>\n\t\t\t\t<\/div>\n\t\t\t<\/div>\n\t    \n\t\t\t<div class=\"post_header_wrapper\">\n\t\t\t\t<p>Ein Ferienhaus mit Sauna bietet mehr als nur luxuri\u00f6se Unterkunft \u2013 es schafft einen Raum der Erholung und des Wohlbefindens. In unserem Waldhaus Valera Vita ist die Sauna Teil eines t\u00e4glichen Rituals tiefer Entspannung, das K\u00f6rper und Geist auf nat\u00fcrliche Weise wieder ins Gleichgewicht...<\/p>\t\t\t    \t\t\t    <div class=\"post_button_wrapper\">\n\t\t\t    \t<div class=\"post_attribute\">\n\t\t\t\t\t    <a href=\"https:\/\/foresthouse.hr\/de\/ferienhaus-mit-sauna-wie-sich-die-sauna-auf-unsere-gesundheit-auswirkt\/\" title=\"Ferienhaus mit Sauna: Wie sich die Sauna auf unsere Gesundheit auswirkt\">November 24, 2025<\/a>\n\t\t\t\t\t<\/div>\n\t\t\t    <\/div>\n\t\t\t    \t\t\t<\/div>\n\t    <\/div>\n\t    \n\t<\/div>\n\n<\/div>\n<br class=\"clear\"\/>\n<!-- End each blog post --><\/div>\n<div class=\"pagination blog-posts-list\"><span class=\"current\">1<\/span><a href='https:\/\/foresthouse.hr\/de\/wp-json\/wp\/v2\/pages\/6827\/page\/2\/' class=\"inactive\">2<\/a><a href='https:\/\/foresthouse.hr\/de\/wp-json\/wp\/v2\/pages\/6827\/page\/3\/' class=\"inactive\">3<\/a><\/div>\t\t\t<div class=\"pagination_detail blog-posts-list\">\n\t\t    \tPage 1 of 3\t\t    <\/div>\n<br class=\"clear\"\/>\t\t\t\t<\/div>\n\t\t\t\t<\/div>\n\t\t\t\t\t<\/div>\n\t\t<\/div>\n\t\t\t\t\t<\/div>\n\t\t<\/section>\n\t\t\t\t<\/div>\n\t\t","protected":false},"excerpt":{"rendered":"<p>Valera Vita Forest House Luxury vacation home in Gorski Kotar &#8211; the perfect blend of luxury and untouched nature While you enjoy the warmth of the contemporary interior, the forest literally surrounds you &#8211; every room opens up to a [&hellip;]<\/p>\n","protected":false},"author":2,"featured_media":0,"parent":0,"menu_order":0,"comment_status":"closed","ping_status":"closed","template":"","meta":{"footnotes":""},"class_list":["post-6827","page","type-page","status-publish","hentry"],"yoast_head":"<!-- This site is optimized with the Yoast SEO plugin v27.4 - https:\/\/yoast.com\/product\/yoast-seo-wordpress\/ -->\n<title>Blog | Valera Vita Forest House<\/title>\n<meta name=\"robots\" content=\"index, follow, max-snippet:-1, max-image-preview:large, max-video-preview:-1\" \/>\n<link rel=\"canonical\" href=\"https:\/\/foresthouse.hr\/de\/blog\/\" \/>\n<meta property=\"og:locale\" content=\"de_DE\" \/>\n<meta property=\"og:type\" content=\"article\" \/>\n<meta property=\"og:title\" content=\"Blog | Valera Vita Forest House\" \/>\n<meta property=\"og:description\" content=\"Valera Vita Forest House Luxury vacation home in Gorski Kotar &#8211; the perfect blend of luxury and untouched nature While you enjoy the warmth of the contemporary interior, the forest literally surrounds you &#8211; every room opens up to a [&hellip;]\" \/>\n<meta property=\"og:url\" content=\"https:\/\/foresthouse.hr\/de\/blog\/\" \/>\n<meta property=\"og:site_name\" content=\"Valera Vita Forest House\" \/>\n<meta property=\"article:modified_time\" content=\"2025-09-08T08:15:52+00:00\" \/>\n<meta property=\"og:image\" content=\"https:\/\/foresthouse.hr\/wp-content\/uploads\/2024\/01\/16-1-610x610.jpg\" \/>\n<meta name=\"twitter:card\" content=\"summary_large_image\" \/>\n<script type=\"application\/ld+json\" class=\"yoast-schema-graph\">{\"@context\":\"https:\\\/\\\/schema.org\",\"@graph\":[{\"@type\":\"WebPage\",\"@id\":\"https:\\\/\\\/foresthouse.hr\\\/de\\\/blog\\\/\",\"url\":\"https:\\\/\\\/foresthouse.hr\\\/de\\\/blog\\\/\",\"name\":\"Blog | Valera Vita Forest House\",\"isPartOf\":{\"@id\":\"https:\\\/\\\/foresthouse.hr\\\/de\\\/#website\"},\"primaryImageOfPage\":{\"@id\":\"https:\\\/\\\/foresthouse.hr\\\/de\\\/blog\\\/#primaryimage\"},\"image\":{\"@id\":\"https:\\\/\\\/foresthouse.hr\\\/de\\\/blog\\\/#primaryimage\"},\"thumbnailUrl\":\"https:\\\/\\\/foresthouse.hr\\\/wp-content\\\/uploads\\\/2024\\\/01\\\/16-1-610x610.jpg\",\"datePublished\":\"2025-09-08T07:11:07+00:00\",\"dateModified\":\"2025-09-08T08:15:52+00:00\",\"breadcrumb\":{\"@id\":\"https:\\\/\\\/foresthouse.hr\\\/de\\\/blog\\\/#breadcrumb\"},\"inLanguage\":\"de\",\"potentialAction\":[{\"@type\":\"ReadAction\",\"target\":[\"https:\\\/\\\/foresthouse.hr\\\/de\\\/blog\\\/\"]}]},{\"@type\":\"ImageObject\",\"inLanguage\":\"de\",\"@id\":\"https:\\\/\\\/foresthouse.hr\\\/de\\\/blog\\\/#primaryimage\",\"url\":\"https:\\\/\\\/foresthouse.hr\\\/wp-content\\\/uploads\\\/2024\\\/01\\\/16-1-610x610.jpg\",\"contentUrl\":\"https:\\\/\\\/foresthouse.hr\\\/wp-content\\\/uploads\\\/2024\\\/01\\\/16-1-610x610.jpg\"},{\"@type\":\"BreadcrumbList\",\"@id\":\"https:\\\/\\\/foresthouse.hr\\\/de\\\/blog\\\/#breadcrumb\",\"itemListElement\":[{\"@type\":\"ListItem\",\"position\":1,\"name\":\"Po\u010detna stranica\",\"item\":\"https:\\\/\\\/foresthouse.hr\\\/de\\\/\"},{\"@type\":\"ListItem\",\"position\":2,\"name\":\"Blog\"}]},{\"@type\":\"WebSite\",\"@id\":\"https:\\\/\\\/foresthouse.hr\\\/de\\\/#website\",\"url\":\"https:\\\/\\\/foresthouse.hr\\\/de\\\/\",\"name\":\"Valera Vita Forest House\",\"description\":\"Luksuzna ku\u0107a za odmor u Gorskom kotaru\",\"potentialAction\":[{\"@type\":\"SearchAction\",\"target\":{\"@type\":\"EntryPoint\",\"urlTemplate\":\"https:\\\/\\\/foresthouse.hr\\\/de\\\/?s={search_term_string}\"},\"query-input\":{\"@type\":\"PropertyValueSpecification\",\"valueRequired\":true,\"valueName\":\"search_term_string\"}}],\"inLanguage\":\"de\"}]}<\/script>\n<!-- \/ Yoast SEO plugin. -->","yoast_head_json":{"title":"Blog | Valera Vita Forest House","robots":{"index":"index","follow":"follow","max-snippet":"max-snippet:-1","max-image-preview":"max-image-preview:large","max-video-preview":"max-video-preview:-1"},"canonical":"https:\/\/foresthouse.hr\/de\/blog\/","og_locale":"de_DE","og_type":"article","og_title":"Blog | Valera Vita Forest House","og_description":"Valera Vita Forest House Luxury vacation home in Gorski Kotar &#8211; the perfect blend of luxury and untouched nature While you enjoy the warmth of the contemporary interior, the forest literally surrounds you &#8211; every room opens up to a [&hellip;]","og_url":"https:\/\/foresthouse.hr\/de\/blog\/","og_site_name":"Valera Vita Forest House","article_modified_time":"2025-09-08T08:15:52+00:00","og_image":[{"url":"https:\/\/foresthouse.hr\/wp-content\/uploads\/2024\/01\/16-1-610x610.jpg","type":"","width":"","height":""}],"twitter_card":"summary_large_image","schema":{"@context":"https:\/\/schema.org","@graph":[{"@type":"WebPage","@id":"https:\/\/foresthouse.hr\/de\/blog\/","url":"https:\/\/foresthouse.hr\/de\/blog\/","name":"Blog | Valera Vita Forest House","isPartOf":{"@id":"https:\/\/foresthouse.hr\/de\/#website"},"primaryImageOfPage":{"@id":"https:\/\/foresthouse.hr\/de\/blog\/#primaryimage"},"image":{"@id":"https:\/\/foresthouse.hr\/de\/blog\/#primaryimage"},"thumbnailUrl":"https:\/\/foresthouse.hr\/wp-content\/uploads\/2024\/01\/16-1-610x610.jpg","datePublished":"2025-09-08T07:11:07+00:00","dateModified":"2025-09-08T08:15:52+00:00","breadcrumb":{"@id":"https:\/\/foresthouse.hr\/de\/blog\/#breadcrumb"},"inLanguage":"de","potentialAction":[{"@type":"ReadAction","target":["https:\/\/foresthouse.hr\/de\/blog\/"]}]},{"@type":"ImageObject","inLanguage":"de","@id":"https:\/\/foresthouse.hr\/de\/blog\/#primaryimage","url":"https:\/\/foresthouse.hr\/wp-content\/uploads\/2024\/01\/16-1-610x610.jpg","contentUrl":"https:\/\/foresthouse.hr\/wp-content\/uploads\/2024\/01\/16-1-610x610.jpg"},{"@type":"BreadcrumbList","@id":"https:\/\/foresthouse.hr\/de\/blog\/#breadcrumb","itemListElement":[{"@type":"ListItem","position":1,"name":"Po\u010detna stranica","item":"https:\/\/foresthouse.hr\/de\/"},{"@type":"ListItem","position":2,"name":"Blog"}]},{"@type":"WebSite","@id":"https:\/\/foresthouse.hr\/de\/#website","url":"https:\/\/foresthouse.hr\/de\/","name":"Valera Vita Forest House","description":"Luksuzna ku\u0107a za odmor u Gorskom kotaru","potentialAction":[{"@type":"SearchAction","target":{"@type":"EntryPoint","urlTemplate":"https:\/\/foresthouse.hr\/de\/?s={search_term_string}"},"query-input":{"@type":"PropertyValueSpecification","valueRequired":true,"valueName":"search_term_string"}}],"inLanguage":"de"}]}},"_links":{"self":[{"href":"https:\/\/foresthouse.hr\/de\/wp-json\/wp\/v2\/pages\/6827","targetHints":{"allow":["GET"]}}],"collection":[{"href":"https:\/\/foresthouse.hr\/de\/wp-json\/wp\/v2\/pages"}],"about":[{"href":"https:\/\/foresthouse.hr\/de\/wp-json\/wp\/v2\/types\/page"}],"author":[{"embeddable":true,"href":"https:\/\/foresthouse.hr\/de\/wp-json\/wp\/v2\/users\/2"}],"replies":[{"embeddable":true,"href":"https:\/\/foresthouse.hr\/de\/wp-json\/wp\/v2\/comments?post=6827"}],"version-history":[{"count":3,"href":"https:\/\/foresthouse.hr\/de\/wp-json\/wp\/v2\/pages\/6827\/revisions"}],"predecessor-version":[{"id":6875,"href":"https:\/\/foresthouse.hr\/de\/wp-json\/wp\/v2\/pages\/6827\/revisions\/6875"}],"wp:attachment":[{"href":"https:\/\/foresthouse.hr\/de\/wp-json\/wp\/v2\/media?parent=6827"}],"curies":[{"name":"wp","href":"https:\/\/api.w.org\/{rel}","templated":true}]}}